{"id":555,"date":"2024-10-17T08:46:45","date_gmt":"2024-10-17T06:46:45","guid":{"rendered":"https:\/\/squill.fr\/?page_id=555"},"modified":"2024-10-30T16:13:43","modified_gmt":"2024-10-30T15:13:43","slug":"nos-services","status":"publish","type":"page","link":"http:\/\/squill.fr\/index.php\/nos-services\/","title":{"rendered":"Nos services"},"content":{"rendered":"\t\t<div data-elementor-type=\"wp-page\" data-elementor-id=\"555\" class=\"elementor elementor-555\">\n\t\t\t\t<div class=\"elementor-element elementor-element-ee063f2 e-flex e-con-boxed e-con e-parent\" data-id=\"ee063f2\" data-element_type=\"container\">\n\t\t\t\t\t<div class=\"e-con-inner\">\n\t\t\t\t<div class=\"elementor-element elementor-element-42c6bd4 elementor-widget__width-initial elementor-widget elementor-widget-image\" data-id=\"42c6bd4\" data-element_type=\"widget\" data-widget_type=\"image.default\">\n\t\t\t\t<div class=\"elementor-widget-container\">\n\t\t\t\t\t\t\t\t\t\t\t\t\t<img decoding=\"async\" src=\"https:\/\/squill.fr\/wp-content\/uploads\/2024\/10\/Jotra-brigitte-e.png\" title=\"Jotra &#8211; brigitte \u00e9\" alt=\"\" loading=\"lazy\" \/>\t\t\t\t\t\t\t\t\t\t\t\t\t<\/div>\n\t\t\t\t<\/div>\n\t\t\t\t<div class=\"elementor-element elementor-element-389754d elementor-widget__width-initial elementor-widget elementor-widget-text-editor\" data-id=\"389754d\" data-element_type=\"widget\" data-widget_type=\"text-editor.default\">\n\t\t\t\t<div class=\"elementor-widget-container\">\n\t\t\t\t\t\t\t<p>Chez Squill, nous sommes fiers de notre capacit\u00e9 \u00e0 accompagner vos projets audiovisuels depuis leur conception jusqu&rsquo;\u00e0 leur livraison finale. Notre \u00e9quipe s&rsquo;engage \u00e0 comprendre vos besoins d\u00e8s les premi\u00e8res \u00e9tapes, en adaptant nos ressources en fonction de votre budget et de vos contraintes sp\u00e9cifiques.<\/p><p>Nous savons que chaque projet est unique, et c&rsquo;est pourquoi nous restons flexibles et r\u00e9actifs face \u00e0 vos demandes. Que vous ayez besoin d&rsquo;une production ambitieuse ou d&rsquo;un contenu plus modeste, nous mettons tout en \u0153uvre pour garantir que le r\u00e9sultat final corresponde \u00e0 votre vision tout en respectant les d\u00e9lais. Avec Squill, vous b\u00e9n\u00e9ficiez d&rsquo;un accompagnement personnalis\u00e9 \u00e0 chaque \u00e9tape du processus, assurant une r\u00e9alisation fluide et r\u00e9ussie.<\/p>\t\t\t\t\t\t<\/div>\n\t\t\t\t<\/div>\n\t\t\t\t<div class=\"elementor-element elementor-element-fbad441 elementor-widget elementor-widget-spacer\" data-id=\"fbad441\" data-element_type=\"widget\" data-widget_type=\"spacer.default\">\n\t\t\t\t<div class=\"elementor-widget-container\">\n\t\t\t\t\t<div class=\"elementor-spacer\">\n\t\t\t<div class=\"elementor-spacer-inner\"><\/div>\n\t\t<\/div>\n\t\t\t\t<\/div>\n\t\t\t\t<\/div>\n\t\t\t\t<div class=\"elementor-element elementor-element-18918ad elementor-widget elementor-widget-heading\" data-id=\"18918ad\" data-element_type=\"widget\" data-widget_type=\"heading.default\">\n\t\t\t\t<div class=\"elementor-widget-container\">\n\t\t\t<h2 class=\"elementor-heading-title elementor-size-default\">Nos services<\/h2>\t\t<\/div>\n\t\t\t\t<\/div>\n\t\t\t\t<div class=\"elementor-element elementor-element-f7bb6cc elementor-widget elementor-widget-spacer\" data-id=\"f7bb6cc\" data-element_type=\"widget\" data-widget_type=\"spacer.default\">\n\t\t\t\t<div class=\"elementor-widget-container\">\n\t\t\t\t\t<div class=\"elementor-spacer\">\n\t\t\t<div class=\"elementor-spacer-inner\"><\/div>\n\t\t<\/div>\n\t\t\t\t<\/div>\n\t\t\t\t<\/div>\n\t\t\t\t\t<\/div>\n\t\t\t\t<\/div>\n\t\t<div class=\"elementor-element elementor-element-27406fa e-grid e-con-boxed e-con e-parent\" data-id=\"27406fa\" data-element_type=\"container\">\n\t\t\t\t\t<div class=\"e-con-inner\">\n\t\t\t\t<div class=\"elementor-element elementor-element-0f2a520 elementor-widget elementor-widget-text-editor\" data-id=\"0f2a520\" data-element_type=\"widget\" data-widget_type=\"text-editor.default\">\n\t\t\t\t<div class=\"elementor-widget-container\">\n\t\t\t\t\t\t\t<h4><span style=\"color: #ffffff;\">Film de Marque<\/span><\/h4><p><strong><span style=\"color: #ffffff;\"><em>Votre histoire, mise en lumi\u00e8re.<\/em><\/span><br \/><\/strong>Nous vous accompagnons tout au long de la cr\u00e9ation de votre film de marque, en veillant \u00e0 ce que chaque aspect refl\u00e8te fid\u00e8lement votre identit\u00e9 et vos valeurs. Gr\u00e2ce \u00e0 une \u00e9coute attentive, nous d\u00e9veloppons un r\u00e9cit coh\u00e9rent qui attire l\u2019attention et renforce votre image de marque, tout en vous permettant de vous d\u00e9marquer dans un march\u00e9 comp\u00e9titif. Ainsi, ce film devient un outil puissant pour communiquer votre message de mani\u00e8re impactante et \u00e9tablir un lien durable avec votre public.<\/p>\t\t\t\t\t\t<\/div>\n\t\t\t\t<\/div>\n\t\t\t\t<div class=\"elementor-element elementor-element-089f504 elementor-widget elementor-widget-image\" data-id=\"089f504\" data-element_type=\"widget\" data-widget_type=\"image.default\">\n\t\t\t\t<div class=\"elementor-widget-container\">\n\t\t\t\t\t\t\t\t\t\t\t\t\t<img decoding=\"async\" src=\"https:\/\/squill.fr\/wp-content\/uploads\/2024\/10\/Mat-mobil-1.png\" title=\"Mat mobil\" alt=\"\" loading=\"lazy\" \/>\t\t\t\t\t\t\t\t\t\t\t\t\t<\/div>\n\t\t\t\t<\/div>\n\t\t\t\t\t<\/div>\n\t\t\t\t<\/div>\n\t\t<div class=\"elementor-element elementor-element-a7b0ca4 e-grid e-con-boxed e-con e-parent\" data-id=\"a7b0ca4\" data-element_type=\"container\">\n\t\t\t\t\t<div class=\"e-con-inner\">\n\t\t\t\t<div class=\"elementor-element elementor-element-18a5f07 elementor-widget elementor-widget-image\" data-id=\"18a5f07\" data-element_type=\"widget\" data-widget_type=\"image.default\">\n\t\t\t\t<div class=\"elementor-widget-container\">\n\t\t\t\t\t\t\t\t\t\t\t\t\t<img decoding=\"async\" src=\"https:\/\/squill.fr\/wp-content\/uploads\/2024\/10\/Snack-content.png\" title=\"Snack content\" alt=\"\" loading=\"lazy\" \/>\t\t\t\t\t\t\t\t\t\t\t\t\t<\/div>\n\t\t\t\t<\/div>\n\t\t\t\t<div class=\"elementor-element elementor-element-a29bf36 elementor-widget elementor-widget-text-editor\" data-id=\"a29bf36\" data-element_type=\"widget\" data-widget_type=\"text-editor.default\">\n\t\t\t\t<div class=\"elementor-widget-container\">\n\t\t\t\t\t\t\t<h4><span style=\"color: #000000;\">Snack Content<\/span><\/h4><p><strong><span style=\"color: #000000;\"><em>Un contenu sur-mesure qui engage.<\/em><\/span><br \/><\/strong>Le snack content est essentiel pour capter l&rsquo;attention dans un monde o\u00f9 chaque seconde compte. Nous cr\u00e9ons des contenus courts et percutants, sp\u00e9cialement con\u00e7us pour capter l&rsquo;int\u00e9r\u00eat sur les r\u00e9seaux sociaux. Que ce soit pour des publications, des stories ou des vid\u00e9os virales, notre approche vous aide \u00e0 transmettre votre message efficacement et \u00e0 renforcer l&rsquo;engagement avec votre audience.<\/p>\t\t\t\t\t\t<\/div>\n\t\t\t\t<\/div>\n\t\t\t\t\t<\/div>\n\t\t\t\t<\/div>\n\t\t<div class=\"elementor-element elementor-element-a2c2c50 e-grid e-con-boxed e-con e-parent\" data-id=\"a2c2c50\" data-element_type=\"container\">\n\t\t\t\t\t<div class=\"e-con-inner\">\n\t\t\t\t<div class=\"elementor-element elementor-element-07b1e1d elementor-widget elementor-widget-text-editor\" data-id=\"07b1e1d\" data-element_type=\"widget\" data-widget_type=\"text-editor.default\">\n\t\t\t\t<div class=\"elementor-widget-container\">\n\t\t\t\t\t\t\t<h4><span style=\"color: #ffffff;\">Clip Musical<\/span><\/h4><p><strong><span style=\"color: #ffffff;\"><em>Des visuels audacieux pour lib\u00e9rer votre cr\u00e9ativit\u00e9.<\/em><\/span><br \/><\/strong>Nous r\u00e9alisons des clips qui capturent l&rsquo;\u00e2me de vos morceaux, en offrant un espace o\u00f9 l&rsquo;originalit\u00e9 et la libert\u00e9 des id\u00e9es prennent vie. En travaillant en \u00e9troite collaboration avec vous, nous nous assurons que chaque aspect du clip refl\u00e8te votre vision artistique. Un clip audacieux ne renforce pas seulement votre pr\u00e9sence, il fait \u00e9galement de chaque vid\u00e9o un puissant vecteur d&rsquo;engagement pour toucher un public plus large.<\/p>\t\t\t\t\t\t<\/div>\n\t\t\t\t<\/div>\n\t\t\t\t<div class=\"elementor-element elementor-element-cdd290d elementor-widget elementor-widget-image\" data-id=\"cdd290d\" data-element_type=\"widget\" data-widget_type=\"image.default\">\n\t\t\t\t<div class=\"elementor-widget-container\">\n\t\t\t\t\t\t\t\t\t\t\t\t\t<img decoding=\"async\" src=\"https:\/\/squill.fr\/wp-content\/uploads\/2024\/10\/Clip-musical.png\" title=\"Clip musical\" alt=\"\" loading=\"lazy\" \/>\t\t\t\t\t\t\t\t\t\t\t\t\t<\/div>\n\t\t\t\t<\/div>\n\t\t\t\t\t<\/div>\n\t\t\t\t<\/div>\n\t\t<div class=\"elementor-element elementor-element-8bfa388 e-grid e-con-boxed e-con e-parent\" data-id=\"8bfa388\" data-element_type=\"container\">\n\t\t\t\t\t<div class=\"e-con-inner\">\n\t\t\t\t<div class=\"elementor-element elementor-element-00c3459 elementor-widget elementor-widget-image\" data-id=\"00c3459\" data-element_type=\"widget\" data-widget_type=\"image.default\">\n\t\t\t\t<div class=\"elementor-widget-container\">\n\t\t\t\t\t\t\t\t\t\t\t\t\t<img decoding=\"async\" src=\"https:\/\/squill.fr\/wp-content\/uploads\/2024\/10\/Documentaire.png\" title=\"Documentaire\" alt=\"\" loading=\"lazy\" \/>\t\t\t\t\t\t\t\t\t\t\t\t\t<\/div>\n\t\t\t\t<\/div>\n\t\t\t\t<div class=\"elementor-element elementor-element-698a47c elementor-widget elementor-widget-text-editor\" data-id=\"698a47c\" data-element_type=\"widget\" data-widget_type=\"text-editor.default\">\n\t\t\t\t<div class=\"elementor-widget-container\">\n\t\t\t\t\t\t\t<h4><span style=\"color: #000000;\">Documentaire<\/span><\/h4><p><strong><span style=\"color: #000000;\"><em>Racontez votre histoire avec authenticit\u00e9.<\/em><\/span><br \/><\/strong>Aujourd&rsquo;hui, le documentaire occupe une place de choix sur le march\u00e9, captivant un large public. Nous r\u00e9alisons des documentaires qui mettent en lumi\u00e8re des sujets qui vous tiennent \u00e0 c\u0153ur. Ce format permet de partager des exp\u00e9riences authentiques et d&rsquo;\u00e9veiller l&rsquo;int\u00e9r\u00eat, tout en sensibilisant votre audience \u00e0 des enjeux importants.<\/p>\t\t\t\t\t\t<\/div>\n\t\t\t\t<\/div>\n\t\t\t\t\t<\/div>\n\t\t\t\t<\/div>\n\t\t<div class=\"elementor-element elementor-element-e186f5c e-grid e-con-boxed e-con e-parent\" data-id=\"e186f5c\" data-element_type=\"container\">\n\t\t\t\t\t<div class=\"e-con-inner\">\n\t\t\t\t<div class=\"elementor-element elementor-element-6e847b6 elementor-widget elementor-widget-text-editor\" data-id=\"6e847b6\" data-element_type=\"widget\" data-widget_type=\"text-editor.default\">\n\t\t\t\t<div class=\"elementor-widget-container\">\n\t\t\t\t\t\t\t<h4><span style=\"color: #ffffff;\">Motion Design \/ 3D<\/span><\/h4><p><span style=\"color: #ffffff;\"><em><strong>Transformez vos id\u00e9es en animation.<\/strong><\/em><\/span><br \/>Une \u00e9coute attentive pour des cr\u00e9ations uniques. Nous transformons vos id\u00e9es en animations captivantes, en veillant \u00e0 comprendre vos attentes. Ce service permet d&rsquo;expliquer des concepts complexes de mani\u00e8re visuelle, rendant votre message facilement compr\u00e9hensible et m\u00e9morable.<\/p>\t\t\t\t\t\t<\/div>\n\t\t\t\t<\/div>\n\t\t\t\t<div class=\"elementor-element elementor-element-8244d21 elementor-widget elementor-widget-image\" data-id=\"8244d21\" data-element_type=\"widget\" data-widget_type=\"image.default\">\n\t\t\t\t<div class=\"elementor-widget-container\">\n\t\t\t\t\t\t\t\t\t\t\t\t\t<img decoding=\"async\" src=\"https:\/\/squill.fr\/wp-content\/uploads\/2024\/10\/Gad-scaled.jpg\" title=\"Gad\" alt=\"\" loading=\"lazy\" \/>\t\t\t\t\t\t\t\t\t\t\t\t\t<\/div>\n\t\t\t\t<\/div>\n\t\t\t\t\t<\/div>\n\t\t\t\t<\/div>\n\t\t<div class=\"elementor-element elementor-element-353afc4 e-flex e-con-boxed e-con e-parent\" data-id=\"353afc4\" data-element_type=\"container\">\n\t\t\t\t\t<div class=\"e-con-inner\">\n\t\t\t\t<div class=\"elementor-element elementor-element-6dd58dc elementor-widget elementor-widget-spacer\" data-id=\"6dd58dc\" data-element_type=\"widget\" data-widget_type=\"spacer.default\">\n\t\t\t\t<div class=\"elementor-widget-container\">\n\t\t\t\t\t<div class=\"elementor-spacer\">\n\t\t\t<div class=\"elementor-spacer-inner\"><\/div>\n\t\t<\/div>\n\t\t\t\t<\/div>\n\t\t\t\t<\/div>\n\t\t\t\t<div class=\"elementor-element elementor-element-999d8aa elementor-align-center elementor-widget elementor-widget-button\" data-id=\"999d8aa\" data-element_type=\"widget\" data-widget_type=\"button.default\">\n\t\t\t\t<div class=\"elementor-widget-container\">\n\t\t\t\t\t<div class=\"elementor-button-wrapper\">\n\t\t\t<a class=\"elementor-button elementor-button-link elementor-size-sm\" href=\"https:\/\/squill.fr\/index.php\/contact\/\" id=\"Devis\">\n\t\t\t\t\t\t<span class=\"elementor-button-content-wrapper\">\n\t\t\t\t\t\t\t\t\t<span class=\"elementor-button-text\">Demander un devis<\/span>\n\t\t\t\t\t<\/span>\n\t\t\t\t\t<\/a>\n\t\t<\/div>\n\t\t\t\t<\/div>\n\t\t\t\t<\/div>\n\t\t\t\t<div class=\"elementor-element elementor-element-319f63c elementor-widget elementor-widget-spacer\" data-id=\"319f63c\" data-element_type=\"widget\" data-widget_type=\"spacer.default\">\n\t\t\t\t<div class=\"elementor-widget-container\">\n\t\t\t\t\t<div class=\"elementor-spacer\">\n\t\t\t<div class=\"elementor-spacer-inner\"><\/div>\n\t\t<\/div>\n\t\t\t\t<\/div>\n\t\t\t\t<\/div>\n\t\t\t\t<div class=\"elementor-element elementor-element-81734c7 elementor-invisible elementor-widget elementor-widget-elementskit-back-to-top\" data-id=\"81734c7\" data-element_type=\"widget\" data-settings=\"{&quot;_animation&quot;:&quot;slideInUp&quot;}\" data-widget_type=\"elementskit-back-to-top.default\">\n\t\t\t\t<div class=\"elementor-widget-container\">\n\t\t\t<div class=\"ekit-wid-con\" >\t\t\t<div class=\"ekit-back-to-top-container ekit-btt icon_only\" data-settings=\"{&quot;offset_top&quot;:0,&quot;show_after&quot;:400,&quot;show_scroll&quot;:&quot;yes&quot;,&quot;style&quot;:&quot;icon_only&quot;,&quot;foreground&quot;:null,&quot;background&quot;:null}\"> \n\t\t\t\t<span class=\"ekit-btt__button yes\">\n\t\t\t\t\t<svg aria-hidden=\"true\" class=\"e-font-icon-svg e-fas-arrow-up\" viewBox=\"0 0 448 512\" xmlns=\"http:\/\/www.w3.org\/2000\/svg\"><path d=\"M34.9 289.5l-22.2-22.2c-9.4-9.4-9.4-24.6 0-33.9L207 39c9.4-9.4 24.6-9.4 33.9 0l194.3 194.3c9.4 9.4 9.4 24.6 0 33.9L413 289.4c-9.5 9.5-25 9.3-34.3-.4L264 168.6V456c0 13.3-10.7 24-24 24h-32c-13.3 0-24-10.7-24-24V168.6L69.2 289.1c-9.3 9.8-24.8 10-34.3.4z\"><\/path><\/svg>\t\t\t\t<\/span>\n\t\t\t<\/div>\n\t\t<\/div>\t\t<\/div>\n\t\t\t\t<\/div>\n\t\t\t\t\t<\/div>\n\t\t\t\t<\/div>\n\t\t\t\t<\/div>\n\t\t","protected":false},"excerpt":{"rendered":"<p>Chez Squill, nous sommes fiers de notre capacit\u00e9 \u00e0 accompagner vos projets audiovisuels depuis leur conception jusqu&rsquo;\u00e0 leur livraison finale. Notre \u00e9quipe s&rsquo;engage \u00e0 comprendre vos besoins d\u00e8s les premi\u00e8res \u00e9tapes, en adaptant nos ressources en fonction de votre budget et de vos contraintes sp\u00e9cifiques. Nous savons que chaque projet est unique, et c&rsquo;est pourquoi [&hellip;]<\/p>\n","protected":false},"author":1,"featured_media":0,"parent":0,"menu_order":0,"comment_status":"closed","ping_status":"closed","template":"","meta":{"pgc_sgb_lightbox_settings":"","footnotes":""},"class_list":["post-555","page","type-page","status-publish","hentry"],"yoast_head":"<!-- This site is optimized with the Yoast SEO plugin v23.7 - https:\/\/yoast.com\/wordpress\/plugins\/seo\/ -->\n<title>Nos services - Squill<\/title>\n<meta name=\"robots\" content=\"index, follow, max-snippet:-1, max-image-preview:large, max-video-preview:-1\" \/>\n<link rel=\"canonical\" href=\"https:\/\/squill.fr\/index.php\/nos-services\/\" \/>\n<meta property=\"og:locale\" content=\"fr_FR\" \/>\n<meta property=\"og:type\" content=\"article\" \/>\n<meta property=\"og:title\" content=\"Nos services - Squill\" \/>\n<meta property=\"og:description\" content=\"Chez Squill, nous sommes fiers de notre capacit\u00e9 \u00e0 accompagner vos projets audiovisuels depuis leur conception jusqu&rsquo;\u00e0 leur livraison finale. Notre \u00e9quipe s&rsquo;engage \u00e0 comprendre vos besoins d\u00e8s les premi\u00e8res \u00e9tapes, en adaptant nos ressources en fonction de votre budget et de vos contraintes sp\u00e9cifiques. Nous savons que chaque projet est unique, et c&rsquo;est pourquoi [&hellip;]\" \/>\n<meta property=\"og:url\" content=\"https:\/\/squill.fr\/index.php\/nos-services\/\" \/>\n<meta property=\"og:site_name\" content=\"Squill\" \/>\n<meta property=\"article:modified_time\" content=\"2024-10-30T15:13:43+00:00\" \/>\n<meta property=\"og:image\" content=\"http:\/\/squill.fr\/wp-content\/uploads\/elementor\/thumbs\/Jotra-brigitte-e-qvoldzc6eud256e9re0ydodf4lpxl5gf1c5ioaffo0.png\" \/>\n<meta name=\"twitter:card\" content=\"summary_large_image\" \/>\n<meta name=\"twitter:label1\" content=\"Dur\u00e9e de lecture estim\u00e9e\" \/>\n\t<meta name=\"twitter:data1\" content=\"4 minutes\" \/>\n<script type=\"application\/ld+json\" class=\"yoast-schema-graph\">{\"@context\":\"https:\/\/schema.org\",\"@graph\":[{\"@type\":\"WebPage\",\"@id\":\"https:\/\/squill.fr\/index.php\/nos-services\/\",\"url\":\"https:\/\/squill.fr\/index.php\/nos-services\/\",\"name\":\"Nos services - Squill\",\"isPartOf\":{\"@id\":\"http:\/\/squill.fr\/#website\"},\"primaryImageOfPage\":{\"@id\":\"https:\/\/squill.fr\/index.php\/nos-services\/#primaryimage\"},\"image\":{\"@id\":\"https:\/\/squill.fr\/index.php\/nos-services\/#primaryimage\"},\"thumbnailUrl\":\"http:\/\/squill.fr\/wp-content\/uploads\/elementor\/thumbs\/Jotra-brigitte-e-qvoldzc6eud256e9re0ydodf4lpxl5gf1c5ioaffo0.png\",\"datePublished\":\"2024-10-17T06:46:45+00:00\",\"dateModified\":\"2024-10-30T15:13:43+00:00\",\"breadcrumb\":{\"@id\":\"https:\/\/squill.fr\/index.php\/nos-services\/#breadcrumb\"},\"inLanguage\":\"fr-FR\",\"potentialAction\":[{\"@type\":\"ReadAction\",\"target\":[\"https:\/\/squill.fr\/index.php\/nos-services\/\"]}]},{\"@type\":\"ImageObject\",\"inLanguage\":\"fr-FR\",\"@id\":\"https:\/\/squill.fr\/index.php\/nos-services\/#primaryimage\",\"url\":\"http:\/\/squill.fr\/wp-content\/uploads\/elementor\/thumbs\/Jotra-brigitte-e-qvoldzc6eud256e9re0ydodf4lpxl5gf1c5ioaffo0.png\",\"contentUrl\":\"http:\/\/squill.fr\/wp-content\/uploads\/elementor\/thumbs\/Jotra-brigitte-e-qvoldzc6eud256e9re0ydodf4lpxl5gf1c5ioaffo0.png\"},{\"@type\":\"BreadcrumbList\",\"@id\":\"https:\/\/squill.fr\/index.php\/nos-services\/#breadcrumb\",\"itemListElement\":[{\"@type\":\"ListItem\",\"position\":1,\"name\":\"Accueil\",\"item\":\"http:\/\/squill.fr\/\"},{\"@type\":\"ListItem\",\"position\":2,\"name\":\"Nos services\"}]},{\"@type\":\"WebSite\",\"@id\":\"http:\/\/squill.fr\/#website\",\"url\":\"http:\/\/squill.fr\/\",\"name\":\"Squill\",\"description\":\"\",\"potentialAction\":[{\"@type\":\"SearchAction\",\"target\":{\"@type\":\"EntryPoint\",\"urlTemplate\":\"http:\/\/squill.fr\/?s={search_term_string}\"},\"query-input\":{\"@type\":\"PropertyValueSpecification\",\"valueRequired\":true,\"valueName\":\"search_term_string\"}}],\"inLanguage\":\"fr-FR\"}]}<\/script>\n<!-- \/ Yoast SEO plugin. -->","yoast_head_json":{"title":"Nos services - Squill","robots":{"index":"index","follow":"follow","max-snippet":"max-snippet:-1","max-image-preview":"max-image-preview:large","max-video-preview":"max-video-preview:-1"},"canonical":"https:\/\/squill.fr\/index.php\/nos-services\/","og_locale":"fr_FR","og_type":"article","og_title":"Nos services - Squill","og_description":"Chez Squill, nous sommes fiers de notre capacit\u00e9 \u00e0 accompagner vos projets audiovisuels depuis leur conception jusqu&rsquo;\u00e0 leur livraison finale. Notre \u00e9quipe s&rsquo;engage \u00e0 comprendre vos besoins d\u00e8s les premi\u00e8res \u00e9tapes, en adaptant nos ressources en fonction de votre budget et de vos contraintes sp\u00e9cifiques. Nous savons que chaque projet est unique, et c&rsquo;est pourquoi [&hellip;]","og_url":"https:\/\/squill.fr\/index.php\/nos-services\/","og_site_name":"Squill","article_modified_time":"2024-10-30T15:13:43+00:00","og_image":[{"url":"http:\/\/squill.fr\/wp-content\/uploads\/elementor\/thumbs\/Jotra-brigitte-e-qvoldzc6eud256e9re0ydodf4lpxl5gf1c5ioaffo0.png"}],"twitter_card":"summary_large_image","twitter_misc":{"Dur\u00e9e de lecture estim\u00e9e":"4 minutes"},"schema":{"@context":"https:\/\/schema.org","@graph":[{"@type":"WebPage","@id":"https:\/\/squill.fr\/index.php\/nos-services\/","url":"https:\/\/squill.fr\/index.php\/nos-services\/","name":"Nos services - Squill","isPartOf":{"@id":"http:\/\/squill.fr\/#website"},"primaryImageOfPage":{"@id":"https:\/\/squill.fr\/index.php\/nos-services\/#primaryimage"},"image":{"@id":"https:\/\/squill.fr\/index.php\/nos-services\/#primaryimage"},"thumbnailUrl":"http:\/\/squill.fr\/wp-content\/uploads\/elementor\/thumbs\/Jotra-brigitte-e-qvoldzc6eud256e9re0ydodf4lpxl5gf1c5ioaffo0.png","datePublished":"2024-10-17T06:46:45+00:00","dateModified":"2024-10-30T15:13:43+00:00","breadcrumb":{"@id":"https:\/\/squill.fr\/index.php\/nos-services\/#breadcrumb"},"inLanguage":"fr-FR","potentialAction":[{"@type":"ReadAction","target":["https:\/\/squill.fr\/index.php\/nos-services\/"]}]},{"@type":"ImageObject","inLanguage":"fr-FR","@id":"https:\/\/squill.fr\/index.php\/nos-services\/#primaryimage","url":"http:\/\/squill.fr\/wp-content\/uploads\/elementor\/thumbs\/Jotra-brigitte-e-qvoldzc6eud256e9re0ydodf4lpxl5gf1c5ioaffo0.png","contentUrl":"http:\/\/squill.fr\/wp-content\/uploads\/elementor\/thumbs\/Jotra-brigitte-e-qvoldzc6eud256e9re0ydodf4lpxl5gf1c5ioaffo0.png"},{"@type":"BreadcrumbList","@id":"https:\/\/squill.fr\/index.php\/nos-services\/#breadcrumb","itemListElement":[{"@type":"ListItem","position":1,"name":"Accueil","item":"http:\/\/squill.fr\/"},{"@type":"ListItem","position":2,"name":"Nos services"}]},{"@type":"WebSite","@id":"http:\/\/squill.fr\/#website","url":"http:\/\/squill.fr\/","name":"Squill","description":"","potentialAction":[{"@type":"SearchAction","target":{"@type":"EntryPoint","urlTemplate":"http:\/\/squill.fr\/?s={search_term_string}"},"query-input":{"@type":"PropertyValueSpecification","valueRequired":true,"valueName":"search_term_string"}}],"inLanguage":"fr-FR"}]}},"_links":{"self":[{"href":"http:\/\/squill.fr\/index.php\/wp-json\/wp\/v2\/pages\/555","targetHints":{"allow":["GET"]}}],"collection":[{"href":"http:\/\/squill.fr\/index.php\/wp-json\/wp\/v2\/pages"}],"about":[{"href":"http:\/\/squill.fr\/index.php\/wp-json\/wp\/v2\/types\/page"}],"author":[{"embeddable":true,"href":"http:\/\/squill.fr\/index.php\/wp-json\/wp\/v2\/users\/1"}],"replies":[{"embeddable":true,"href":"http:\/\/squill.fr\/index.php\/wp-json\/wp\/v2\/comments?post=555"}],"version-history":[{"count":103,"href":"http:\/\/squill.fr\/index.php\/wp-json\/wp\/v2\/pages\/555\/revisions"}],"predecessor-version":[{"id":727,"href":"http:\/\/squill.fr\/index.php\/wp-json\/wp\/v2\/pages\/555\/revisions\/727"}],"wp:attachment":[{"href":"http:\/\/squill.fr\/index.php\/wp-json\/wp\/v2\/media?parent=555"}],"curies":[{"name":"wp","href":"https:\/\/api.w.org\/{rel}","templated":true}]}}